{"id":143,"date":"2016-06-20T07:48:11","date_gmt":"2016-06-20T07:48:11","guid":{"rendered":"http:\/\/sw-themes.com\/porto_dummy\/?page_id=143"},"modified":"2023-05-02T11:11:44","modified_gmt":"2023-05-02T11:11:44","slug":"home","status":"publish","type":"page","link":"https:\/\/www.alacatihome.com\/ar\/","title":{"rendered":"Ana Sayfa"},"content":{"rendered":"<div class=\"vc_row wpb_row top-row porto-inner-container\"><div class=\"porto-wrap-container container\"><div class=\"row\"><div class=\"vc_column_container col-md-12\"><div class=\"wpb_wrapper vc_column-inner\"><div class=\"vc_row wpb_row vc_inner row\"><div class=\"vc_column_container col-md-6\"><div class=\"wpb_wrapper vc_column-inner\"><div class=\"porto-image-frame\"><div class=\"thumb-info thumb-info-lighten\"><a href=\"https:\/\/www.alacatihome.com\/ar\/ev-tekstili\/\" title=\"\u0645\u0646\u0633\u0648\u062c\u0627\u062a \u0645\u0646\u0632\u0644\u064a\u0629\" target=\"_self\"><span class=\"thumb-info-wrapper\"><img loading=\"lazy\" decoding=\"async\" alt=\"\" src=\"\/\/www.alacatihome.com\/wp-content\/uploads\/2023\/04\/ev-tekstil.jpg\" class=\"img-responsive\" width=\"800\" height=\"637\"><span class=\"thumb-info-title\"><span class=\"thumb-info-inner\">\u0645\u0646\u0633\u0648\u062c\u0627\u062a \u0645\u0646\u0632\u0644\u064a\u0629<em><\/em><\/span><span class=\"thumb-info-type\">ALA\u00c7ATI HOME<\/span><\/span><span class=\"thumb-info-action\"><span class=\"thumb-info-action-icon\"><i class=\"fas fa-link\"><\/i><\/span><\/span><\/span><\/a><\/div><\/div><\/div><\/div><div class=\"vc_column_container col-md-6\"><div class=\"wpb_wrapper vc_column-inner\"><div class=\"porto-image-frame\"><div class=\"thumb-info thumb-info-lighten\"><a href=\"https:\/\/www.alacatihome.com\/ar\/otel-tekstili\/\" title=\"\u0641\u0646\u062f\u0642 \u0627\u0644\u0645\u0646\u0633\u0648\u062c\u0627\u062a\" target=\"_self\"><span class=\"thumb-info-wrapper\"><img loading=\"lazy\" decoding=\"async\" alt=\"\" src=\"\/\/www.alacatihome.com\/wp-content\/uploads\/2023\/04\/otel-tekstili.jpg\" class=\"img-responsive\" width=\"800\" height=\"637\"><span class=\"thumb-info-title\"><span class=\"thumb-info-inner\">\u0641\u0646\u062f\u0642 \u0627\u0644\u0645\u0646\u0633\u0648\u062c\u0627\u062a<em><\/em><\/span><span class=\"thumb-info-type\">ALA\u00c7ATI HOME<\/span><\/span><span class=\"thumb-info-action\"><span class=\"thumb-info-action-icon\"><i class=\"fas fa-link\"><\/i><\/span><\/span><\/span><\/a><\/div><\/div><\/div><\/div><\/div><div class=\"vc_row wpb_row vc_inner row\"><div class=\"vc_column_container col-md-6\"><div class=\"wpb_wrapper vc_column-inner\"><div class=\"porto-image-frame\"><div class=\"thumb-info thumb-info-lighten\"><a href=\"https:\/\/www.alacatihome.com\/ar\/restaurant-tekstili\/\" title=\"\u0646\u0633\u064a\u062c \u0645\u0637\u0639\u0645\" target=\"_self\"><span class=\"thumb-info-wrapper\"><img loading=\"lazy\" decoding=\"async\" alt=\"\" src=\"\/\/www.alacatihome.com\/wp-content\/uploads\/2023\/04\/restaurant-tekstili.jpg\" class=\"img-responsive\" width=\"800\" height=\"637\"><span class=\"thumb-info-title\"><span class=\"thumb-info-inner\">\u0646\u0633\u064a\u062c \u0645\u0637\u0639\u0645<em><\/em><\/span><span class=\"thumb-info-type\">ALA\u00c7ATI HOME<\/span><\/span><span class=\"thumb-info-action\"><span class=\"thumb-info-action-icon\"><i class=\"fas fa-link\"><\/i><\/span><\/span><\/span><\/a><\/div><\/div><\/div><\/div><div class=\"vc_column_container col-md-6\"><div class=\"wpb_wrapper vc_column-inner\"><div class=\"porto-image-frame\"><div class=\"thumb-info thumb-info-lighten\"><a href=\"https:\/\/www.alacatihome.com\/ar\/hastane-tekstili\/\" title=\"\u0646\u0633\u064a\u062c \u0627\u0644\u0645\u0633\u062a\u0634\u0641\u0649\" target=\"_self\"><span class=\"thumb-info-wrapper\"><img loading=\"lazy\" decoding=\"async\" alt=\"\" src=\"\/\/www.alacatihome.com\/wp-content\/uploads\/2023\/04\/hastane-tekstili.jpg\" class=\"img-responsive\" width=\"800\" height=\"637\"><span class=\"thumb-info-title\"><span class=\"thumb-info-inner\">\u0646\u0633\u064a\u062c \u0627\u0644\u0645\u0633\u062a\u0634\u0641\u0649<em><\/em><\/span><span class=\"thumb-info-type\">ALA\u00c7ATI HOME<\/span><\/span><span class=\"thumb-info-action\"><span class=\"thumb-info-action-icon\"><i class=\"fas fa-link\"><\/i><\/span><\/span><\/span><\/a><\/div><\/div><\/div><\/div><\/div><\/div><\/div><\/div><\/div><\/div>","protected":false},"excerpt":{"rendered":"EV TEKST\u0130L\u0130ALA\u00c7ATI HOMEOTEL TEKST\u0130L\u0130ALA\u00c7ATI HOMERESTAURANT TEKST\u0130L\u0130ALA\u00c7ATI HOMEHASTANE TEKST\u0130L\u0130ALA\u00c7ATI HOME","protected":false},"author":1,"featured_media":0,"parent":0,"menu_order":0,"comment_status":"closed","ping_status":"closed","template":"","meta":{"footnotes":""},"class_list":["post-143","page","type-page","status-publish","hentry"],"yoast_head":"<!-- This site is optimized with the Yoast SEO plugin v20.6 - https:\/\/yoast.com\/wordpress\/plugins\/seo\/ -->\n<title>Ala\u00e7at\u0131 Home | Ev Tekstili - Otel Tekstili - Restaurant Tekstili - Hastane Tekstili<\/title>\n<meta name=\"description\" content=\"\u201dAla\u00e7at\u0131 Home\u201d Evteks, Hometeks, Heimtex gibi uluslararas\u0131 fuarlar ile \u00fcr\u00fcnlerini hem yurti\u00e7i hem de yurtd\u0131\u015f\u0131ndaki al\u0131c\u0131larla bulu\u015fturarak, hedef pazarlarda daha etkin rol almak ad\u0131na \u00e7al\u0131\u015fmalar\u0131na devam etmektedir.\" \/>\n<meta name=\"robots\" content=\"index, follow, max-snippet:-1, max-image-preview:large, max-video-preview:-1\" \/>\n<link rel=\"canonical\" href=\"https:\/\/www.alacatihome.com\/ar\/\" \/>\n<meta property=\"og:locale\" content=\"ar_AR\" \/>\n<meta property=\"og:type\" content=\"article\" \/>\n<meta property=\"og:title\" content=\"Ala\u00e7at\u0131 Home | Ev Tekstili - Otel Tekstili - Restaurant Tekstili - Hastane Tekstili\" \/>\n<meta property=\"og:description\" content=\"\u201dAla\u00e7at\u0131 Home\u201d Evteks, Hometeks, Heimtex gibi uluslararas\u0131 fuarlar ile \u00fcr\u00fcnlerini hem yurti\u00e7i hem de yurtd\u0131\u015f\u0131ndaki al\u0131c\u0131larla bulu\u015fturarak, hedef pazarlarda daha etkin rol almak ad\u0131na \u00e7al\u0131\u015fmalar\u0131na devam etmektedir.\" \/>\n<meta property=\"og:url\" content=\"https:\/\/www.alacatihome.com\/ar\/\" \/>\n<meta property=\"og:site_name\" content=\"Ala\u00e7at\u0131 Home\" \/>\n<meta property=\"article:publisher\" content=\"https:\/\/www.facebook.com\/people\/Alaat-Home\/100069162552888\/\" \/>\n<meta property=\"article:modified_time\" content=\"2023-05-02T11:11:44+00:00\" \/>\n<meta name=\"twitter:card\" content=\"summary_large_image\" \/>\n<meta name=\"twitter:label1\" content=\"\u0648\u0642\u062a \u0627\u0644\u0642\u0631\u0627\u0621\u0629 \u0627\u0644\u0645\u064f\u0642\u062f\u0651\u0631\" \/>\n\t<meta name=\"twitter:data1\" content=\"\u062f\u0642\u064a\u0642\u0629 \u0648\u0627\u062d\u062f\u0629\" \/>\n<script type=\"application\/ld+json\" class=\"yoast-schema-graph\">{\"@context\":\"https:\/\/schema.org\",\"@graph\":[{\"@type\":\"WebPage\",\"@id\":\"https:\/\/www.alacatihome.com\/\",\"url\":\"https:\/\/www.alacatihome.com\/\",\"name\":\"Ala\u00e7at\u0131 Home | Ev Tekstili - Otel Tekstili - Restaurant Tekstili - Hastane Tekstili\",\"isPartOf\":{\"@id\":\"https:\/\/www.alacatihome.com\/#website\"},\"datePublished\":\"2016-06-20T07:48:11+00:00\",\"dateModified\":\"2023-05-02T11:11:44+00:00\",\"description\":\"\u201dAla\u00e7at\u0131 Home\u201d Evteks, Hometeks, Heimtex gibi uluslararas\u0131 fuarlar ile \u00fcr\u00fcnlerini hem yurti\u00e7i hem de yurtd\u0131\u015f\u0131ndaki al\u0131c\u0131larla bulu\u015fturarak, hedef pazarlarda daha etkin rol almak ad\u0131na \u00e7al\u0131\u015fmalar\u0131na devam etmektedir.\",\"breadcrumb\":{\"@id\":\"https:\/\/www.alacatihome.com\/#breadcrumb\"},\"inLanguage\":\"ar\",\"potentialAction\":[{\"@type\":\"ReadAction\",\"target\":[\"https:\/\/www.alacatihome.com\/\"]}]},{\"@type\":\"BreadcrumbList\",\"@id\":\"https:\/\/www.alacatihome.com\/#breadcrumb\",\"itemListElement\":[{\"@type\":\"ListItem\",\"position\":1,\"name\":\"Anasayfa\",\"item\":\"https:\/\/www.alacatihome.com\/\"},{\"@type\":\"ListItem\",\"position\":2,\"name\":\"Ana Sayfa\"}]},{\"@type\":\"WebSite\",\"@id\":\"https:\/\/www.alacatihome.com\/#website\",\"url\":\"https:\/\/www.alacatihome.com\/\",\"name\":\"Ala\u00e7at\u0131 Home\",\"description\":\"Ev Tekstili - Otel Tekstili - Restaurant Tekstili - Hastane Tekstili\",\"publisher\":{\"@id\":\"https:\/\/www.alacatihome.com\/#organization\"},\"potentialAction\":[{\"@type\":\"SearchAction\",\"target\":{\"@type\":\"EntryPoint\",\"urlTemplate\":\"https:\/\/www.alacatihome.com\/?s={search_term_string}\"},\"query-input\":\"required name=search_term_string\"}],\"inLanguage\":\"ar\"},{\"@type\":\"Organization\",\"@id\":\"https:\/\/www.alacatihome.com\/#organization\",\"name\":\"Ala\u00e7at\u0131 Home\",\"url\":\"https:\/\/www.alacatihome.com\/\",\"logo\":{\"@type\":\"ImageObject\",\"inLanguage\":\"ar\",\"@id\":\"https:\/\/www.alacatihome.com\/#\/schema\/logo\/image\/\",\"url\":\"https:\/\/www.alacatihome.com\/wp-content\/uploads\/2023\/04\/logo.png\",\"contentUrl\":\"https:\/\/www.alacatihome.com\/wp-content\/uploads\/2023\/04\/logo.png\",\"width\":1260,\"height\":225,\"caption\":\"Ala\u00e7at\u0131 Home\"},\"image\":{\"@id\":\"https:\/\/www.alacatihome.com\/#\/schema\/logo\/image\/\"},\"sameAs\":[\"https:\/\/www.facebook.com\/people\/Alaat-Home\/100069162552888\/\",\"https:\/\/www.instagram.com\/alacati.home\/\"]}]}<\/script>\n<!-- \/ Yoast SEO plugin. -->","yoast_head_json":{"title":"Ala\u00e7at\u0131 Home | Ev Tekstili - Otel Tekstili - Restaurant Tekstili - Hastane Tekstili","description":"\u201dAla\u00e7at\u0131 Home\u201d Evteks, Hometeks, Heimtex gibi uluslararas\u0131 fuarlar ile \u00fcr\u00fcnlerini hem yurti\u00e7i hem de yurtd\u0131\u015f\u0131ndaki al\u0131c\u0131larla bulu\u015fturarak, hedef pazarlarda daha etkin rol almak ad\u0131na \u00e7al\u0131\u015fmalar\u0131na devam etmektedir.","robots":{"index":"index","follow":"follow","max-snippet":"max-snippet:-1","max-image-preview":"max-image-preview:large","max-video-preview":"max-video-preview:-1"},"canonical":"https:\/\/www.alacatihome.com\/ar\/","og_locale":"ar_AR","og_type":"article","og_title":"Ala\u00e7at\u0131 Home | Ev Tekstili - Otel Tekstili - Restaurant Tekstili - Hastane Tekstili","og_description":"\u201dAla\u00e7at\u0131 Home\u201d Evteks, Hometeks, Heimtex gibi uluslararas\u0131 fuarlar ile \u00fcr\u00fcnlerini hem yurti\u00e7i hem de yurtd\u0131\u015f\u0131ndaki al\u0131c\u0131larla bulu\u015fturarak, hedef pazarlarda daha etkin rol almak ad\u0131na \u00e7al\u0131\u015fmalar\u0131na devam etmektedir.","og_url":"https:\/\/www.alacatihome.com\/ar\/","og_site_name":"Ala\u00e7at\u0131 Home","article_publisher":"https:\/\/www.facebook.com\/people\/Alaat-Home\/100069162552888\/","article_modified_time":"2023-05-02T11:11:44+00:00","twitter_card":"summary_large_image","twitter_misc":{"\u0648\u0642\u062a \u0627\u0644\u0642\u0631\u0627\u0621\u0629 \u0627\u0644\u0645\u064f\u0642\u062f\u0651\u0631":"\u062f\u0642\u064a\u0642\u0629 \u0648\u0627\u062d\u062f\u0629"},"schema":{"@context":"https:\/\/schema.org","@graph":[{"@type":"WebPage","@id":"https:\/\/www.alacatihome.com\/","url":"https:\/\/www.alacatihome.com\/","name":"Ala\u00e7at\u0131 Home | Ev Tekstili - Otel Tekstili - Restaurant Tekstili - Hastane Tekstili","isPartOf":{"@id":"https:\/\/www.alacatihome.com\/#website"},"datePublished":"2016-06-20T07:48:11+00:00","dateModified":"2023-05-02T11:11:44+00:00","description":"\u201dAla\u00e7at\u0131 Home\u201d Evteks, Hometeks, Heimtex gibi uluslararas\u0131 fuarlar ile \u00fcr\u00fcnlerini hem yurti\u00e7i hem de yurtd\u0131\u015f\u0131ndaki al\u0131c\u0131larla bulu\u015fturarak, hedef pazarlarda daha etkin rol almak ad\u0131na \u00e7al\u0131\u015fmalar\u0131na devam etmektedir.","breadcrumb":{"@id":"https:\/\/www.alacatihome.com\/#breadcrumb"},"inLanguage":"ar","potentialAction":[{"@type":"ReadAction","target":["https:\/\/www.alacatihome.com\/"]}]},{"@type":"BreadcrumbList","@id":"https:\/\/www.alacatihome.com\/#breadcrumb","itemListElement":[{"@type":"ListItem","position":1,"name":"Anasayfa","item":"https:\/\/www.alacatihome.com\/"},{"@type":"ListItem","position":2,"name":"Ana Sayfa"}]},{"@type":"WebSite","@id":"https:\/\/www.alacatihome.com\/#website","url":"https:\/\/www.alacatihome.com\/","name":"Ala\u00e7at\u0131 Home","description":"Ev Tekstili - Otel Tekstili - Restaurant Tekstili - Hastane Tekstili","publisher":{"@id":"https:\/\/www.alacatihome.com\/#organization"},"potentialAction":[{"@type":"SearchAction","target":{"@type":"EntryPoint","urlTemplate":"https:\/\/www.alacatihome.com\/?s={search_term_string}"},"query-input":"required name=search_term_string"}],"inLanguage":"ar"},{"@type":"Organization","@id":"https:\/\/www.alacatihome.com\/#organization","name":"Ala\u00e7at\u0131 Home","url":"https:\/\/www.alacatihome.com\/","logo":{"@type":"ImageObject","inLanguage":"ar","@id":"https:\/\/www.alacatihome.com\/#\/schema\/logo\/image\/","url":"https:\/\/www.alacatihome.com\/wp-content\/uploads\/2023\/04\/logo.png","contentUrl":"https:\/\/www.alacatihome.com\/wp-content\/uploads\/2023\/04\/logo.png","width":1260,"height":225,"caption":"Ala\u00e7at\u0131 Home"},"image":{"@id":"https:\/\/www.alacatihome.com\/#\/schema\/logo\/image\/"},"sameAs":["https:\/\/www.facebook.com\/people\/Alaat-Home\/100069162552888\/","https:\/\/www.instagram.com\/alacati.home\/"]}]}},"_links":{"self":[{"href":"https:\/\/www.alacatihome.com\/ar\/wp-json\/wp\/v2\/pages\/143","targetHints":{"allow":["GET"]}}],"collection":[{"href":"https:\/\/www.alacatihome.com\/ar\/wp-json\/wp\/v2\/pages"}],"about":[{"href":"https:\/\/www.alacatihome.com\/ar\/wp-json\/wp\/v2\/types\/page"}],"author":[{"embeddable":true,"href":"https:\/\/www.alacatihome.com\/ar\/wp-json\/wp\/v2\/users\/1"}],"replies":[{"embeddable":true,"href":"https:\/\/www.alacatihome.com\/ar\/wp-json\/wp\/v2\/comments?post=143"}],"version-history":[{"count":7,"href":"https:\/\/www.alacatihome.com\/ar\/wp-json\/wp\/v2\/pages\/143\/revisions"}],"predecessor-version":[{"id":2432,"href":"https:\/\/www.alacatihome.com\/ar\/wp-json\/wp\/v2\/pages\/143\/revisions\/2432"}],"wp:attachment":[{"href":"https:\/\/www.alacatihome.com\/ar\/wp-json\/wp\/v2\/media?parent=143"}],"curies":[{"name":"wp","href":"https:\/\/api.w.org\/{rel}","templated":true}]}}