{"id":2303,"date":"2023-04-14T08:09:27","date_gmt":"2023-04-14T08:09:27","guid":{"rendered":"https:\/\/www.alacatihome.com\/?page_id=2303"},"modified":"2023-04-26T06:54:49","modified_gmt":"2023-04-26T06:54:49","slug":"ev-tekstili","status":"publish","type":"page","link":"https:\/\/www.alacatihome.com\/ar\/ev-tekstili\/","title":{"rendered":"\u0645\u0646\u0633\u0648\u062c\u0627\u062a \u0645\u0646\u0632\u0644\u064a\u0629"},"content":{"rendered":"<div class=\"vc_row wpb_row row top-row\"><div class=\"vc_column_container col-md-4\"><div class=\"wpb_wrapper vc_column-inner\"><div class=\"porto-preview-image\"><span class=\"thumb-info thumb-info-preview thumb-info-box-shadow\"><span class=\"thumb-info-wrapper\">\r\n\t\t<span data-src=\"\/\/www.alacatihome.com\/wp-content\/uploads\/2023\/04\/nevresim-takimi.jpg\" data-image=\"\/\/www.alacatihome.com\/wp-content\/uploads\/2023\/04\/nevresim-takimi.jpg\" class=\"lazy thumb-info-image\" data-plugin-lazyload data-plugin-options=\"{'appearEffect': 'animated fadeIn'}\"><\/span><i class=\"fas fa-spinner fa-spin fa-fw\"><\/i><\/span><\/span><\/div><div class=\"vc_custom_heading wpb_custom_db3ea57775379abfb04e3fc8d72e6092 heading heading-border heading-primary heading-middle-border heading-middle-border-center heading-border-sm\" ><h3 style=\"line-height: 15px;text-align: center\" class=\"heading-tag\">\u0645\u062c\u0645\u0648\u0639\u0629 \u0644\u062d\u0627\u0641 \u0645\u062a\u0643\u0627\u0645\u0644\u0629<\/h3><\/div><div class=\"vc_empty_space\"   style=\"height: 40px\"><span class=\"vc_empty_space_inner\"><\/span><\/div><\/div><\/div><div class=\"vc_column_container col-md-4\"><div class=\"wpb_wrapper vc_column-inner\"><div class=\"porto-preview-image\"><span class=\"thumb-info thumb-info-preview thumb-info-box-shadow\"><span class=\"thumb-info-wrapper\">\r\n\t\t<span data-src=\"\/\/www.alacatihome.com\/wp-content\/uploads\/2023\/04\/pike-takimi.jpg\" data-image=\"\/\/www.alacatihome.com\/wp-content\/uploads\/2023\/04\/pike-takimi.jpg\" class=\"lazy thumb-info-image\" data-plugin-lazyload data-plugin-options=\"{'appearEffect': 'animated fadeIn'}\"><\/span><i class=\"fas fa-spinner fa-spin fa-fw\"><\/i><\/span><\/span><\/div><div class=\"vc_custom_heading wpb_custom_db3ea57775379abfb04e3fc8d72e6092 heading heading-border heading-primary heading-middle-border heading-middle-border-center heading-border-sm\" ><h3 style=\"line-height: 15px;text-align: center\" class=\"heading-tag\">\u0623\u063a\u0637\u064a\u0629<\/h3><\/div><div class=\"vc_empty_space\"   style=\"height: 40px\"><span class=\"vc_empty_space_inner\"><\/span><\/div><\/div><\/div><div class=\"vc_column_container col-md-4\"><div class=\"wpb_wrapper vc_column-inner\"><div class=\"porto-preview-image\"><span class=\"thumb-info thumb-info-preview thumb-info-box-shadow\"><span class=\"thumb-info-wrapper\">\r\n\t\t<span data-src=\"\/\/www.alacatihome.com\/wp-content\/uploads\/2023\/04\/lastikli-carsaf.jpg\" data-image=\"\/\/www.alacatihome.com\/wp-content\/uploads\/2023\/04\/lastikli-carsaf.jpg\" class=\"lazy thumb-info-image\" data-plugin-lazyload data-plugin-options=\"{'appearEffect': 'animated fadeIn'}\"><\/span><i class=\"fas fa-spinner fa-spin fa-fw\"><\/i><\/span><\/span><\/div><div class=\"vc_custom_heading wpb_custom_db3ea57775379abfb04e3fc8d72e6092 heading heading-border heading-primary heading-middle-border heading-middle-border-center heading-border-sm\" ><h3 style=\"line-height: 15px;text-align: center\" class=\"heading-tag\">\u0635\u0641\u0627\u0626\u062d \u0645\u0637\u0627\u0637\u064a\u0629<\/h3><\/div><div class=\"vc_empty_space\"   style=\"height: 40px\"><span class=\"vc_empty_space_inner\"><\/span><\/div><\/div><\/div><\/div><div class=\"vc_row wpb_row row top-row\"><div class=\"vc_column_container col-md-4\"><div class=\"wpb_wrapper vc_column-inner\"><div class=\"porto-preview-image\"><span class=\"thumb-info thumb-info-preview thumb-info-box-shadow\"><span class=\"thumb-info-wrapper\">\r\n\t\t<span data-src=\"\/\/www.alacatihome.com\/wp-content\/uploads\/2023\/04\/yatak-ortusu.jpg\" data-image=\"\/\/www.alacatihome.com\/wp-content\/uploads\/2023\/04\/yatak-ortusu.jpg\" class=\"lazy thumb-info-image\" data-plugin-lazyload data-plugin-options=\"{'appearEffect': 'animated fadeIn'}\"><\/span><i class=\"fas fa-spinner fa-spin fa-fw\"><\/i><\/span><\/span><\/div><div class=\"vc_custom_heading wpb_custom_db3ea57775379abfb04e3fc8d72e6092 heading heading-border heading-primary heading-middle-border heading-middle-border-center heading-border-sm\" ><h3 style=\"line-height: 15px;text-align: center\" class=\"heading-tag\">\u0627\u0644\u0645\u0641\u0627\u0631\u0634<\/h3><\/div><div class=\"vc_empty_space\"   style=\"height: 40px\"><span class=\"vc_empty_space_inner\"><\/span><\/div><\/div><\/div><div class=\"vc_column_container col-md-4\"><div class=\"wpb_wrapper vc_column-inner\"><div class=\"porto-preview-image\"><span class=\"thumb-info thumb-info-preview thumb-info-box-shadow\"><span class=\"thumb-info-wrapper\">\r\n\t\t<span data-src=\"\/\/www.alacatihome.com\/wp-content\/uploads\/2023\/04\/battaniye.jpg\" data-image=\"\/\/www.alacatihome.com\/wp-content\/uploads\/2023\/04\/battaniye.jpg\" class=\"lazy thumb-info-image\" data-plugin-lazyload data-plugin-options=\"{'appearEffect': 'animated fadeIn'}\"><\/span><i class=\"fas fa-spinner fa-spin fa-fw\"><\/i><\/span><\/span><\/div><div class=\"vc_custom_heading wpb_custom_db3ea57775379abfb04e3fc8d72e6092 heading heading-border heading-primary heading-middle-border heading-middle-border-center heading-border-sm\" ><h3 style=\"line-height: 15px;text-align: center\" class=\"heading-tag\">\u0627\u0644\u0628\u0637\u0627\u0646\u064a\u0627\u062a<\/h3><\/div><div class=\"vc_empty_space\"   style=\"height: 40px\"><span class=\"vc_empty_space_inner\"><\/span><\/div><\/div><\/div><div class=\"vc_column_container col-md-4\"><div class=\"wpb_wrapper vc_column-inner\"><div class=\"porto-preview-image\"><span class=\"thumb-info thumb-info-preview thumb-info-box-shadow\"><span class=\"thumb-info-wrapper\">\r\n\t\t<span data-src=\"\/\/www.alacatihome.com\/wp-content\/uploads\/2023\/04\/alez.jpg\" data-image=\"\/\/www.alacatihome.com\/wp-content\/uploads\/2023\/04\/alez.jpg\" class=\"lazy thumb-info-image\" data-plugin-lazyload data-plugin-options=\"{'appearEffect': 'animated fadeIn'}\"><\/span><i class=\"fas fa-spinner fa-spin fa-fw\"><\/i><\/span><\/span><\/div><div class=\"vc_custom_heading wpb_custom_db3ea57775379abfb04e3fc8d72e6092 heading heading-border heading-primary heading-middle-border heading-middle-border-center heading-border-sm\" ><h3 style=\"line-height: 15px;text-align: center\" class=\"heading-tag\">\u0648\u0627\u0642\u064a\u0627\u062a \u0648\u0623\u0643\u064a\u0627\u0633 \u062a\u062e\u0632\u064a\u0646<\/h3><\/div><div class=\"vc_empty_space\"   style=\"height: 40px\"><span class=\"vc_empty_space_inner\"><\/span><\/div><\/div><\/div><\/div><div class=\"vc_row wpb_row row top-row\"><div class=\"vc_column_container col-md-4\"><div class=\"wpb_wrapper vc_column-inner\"><div class=\"porto-preview-image\"><span class=\"thumb-info thumb-info-preview thumb-info-box-shadow\"><span class=\"thumb-info-wrapper\">\r\n\t\t<span data-src=\"\/\/www.alacatihome.com\/wp-content\/uploads\/2023\/04\/havlu-bornoz.jpg\" data-image=\"\/\/www.alacatihome.com\/wp-content\/uploads\/2023\/04\/havlu-bornoz.jpg\" class=\"lazy thumb-info-image\" data-plugin-lazyload data-plugin-options=\"{'appearEffect': 'animated fadeIn'}\"><\/span><i class=\"fas fa-spinner fa-spin fa-fw\"><\/i><\/span><\/span><\/div><div class=\"vc_custom_heading wpb_custom_db3ea57775379abfb04e3fc8d72e6092 heading heading-border heading-primary heading-middle-border heading-middle-border-center heading-border-sm\" ><h3 style=\"line-height: 15px;text-align: center\" class=\"heading-tag\">\u0627\u0644\u0645\u0646\u0627\u0634\u0641 \u0648\u0623\u0631\u062f\u064a\u0629 \u0627\u0644\u062d\u0645\u0627\u0645<\/h3><\/div><div class=\"vc_empty_space\"   style=\"height: 40px\"><span class=\"vc_empty_space_inner\"><\/span><\/div><\/div><\/div><div class=\"vc_column_container col-md-4\"><div class=\"wpb_wrapper vc_column-inner\"><div class=\"porto-preview-image\"><span class=\"thumb-info thumb-info-preview thumb-info-box-shadow\"><span class=\"thumb-info-wrapper\">\r\n\t\t<span data-src=\"\/\/www.alacatihome.com\/wp-content\/uploads\/2023\/04\/yorgan-yastik.jpg\" data-image=\"\/\/www.alacatihome.com\/wp-content\/uploads\/2023\/04\/yorgan-yastik.jpg\" class=\"lazy thumb-info-image\" data-plugin-lazyload data-plugin-options=\"{'appearEffect': 'animated fadeIn'}\"><\/span><i class=\"fas fa-spinner fa-spin fa-fw\"><\/i><\/span><\/span><\/div><div class=\"vc_custom_heading wpb_custom_db3ea57775379abfb04e3fc8d72e6092 heading heading-border heading-primary heading-middle-border heading-middle-border-center heading-border-sm\" ><h3 style=\"line-height: 15px;text-align: center\" class=\"heading-tag\">\u0644\u062d\u0627\u0641 \u0648\u0648\u0633\u0627\u062f\u0629<\/h3><\/div><div class=\"vc_empty_space\"   style=\"height: 40px\"><span class=\"vc_empty_space_inner\"><\/span><\/div><\/div><\/div><div class=\"vc_column_container col-md-4\"><div class=\"wpb_wrapper vc_column-inner\"><div class=\"porto-preview-image\"><span class=\"thumb-info thumb-info-preview thumb-info-box-shadow\"><span class=\"thumb-info-wrapper\">\r\n\t\t<span data-src=\"\/\/www.alacatihome.com\/wp-content\/uploads\/2023\/04\/klozet-takimi-paspas.jpg\" data-image=\"\/\/www.alacatihome.com\/wp-content\/uploads\/2023\/04\/klozet-takimi-paspas.jpg\" class=\"lazy thumb-info-image\" data-plugin-lazyload data-plugin-options=\"{'appearEffect': 'animated fadeIn'}\"><\/span><i class=\"fas fa-spinner fa-spin fa-fw\"><\/i><\/span><\/span><\/div><div class=\"vc_custom_heading wpb_custom_db3ea57775379abfb04e3fc8d72e6092 heading heading-border heading-primary heading-middle-border heading-middle-border-center heading-border-sm\" ><h3 style=\"line-height: 15px;text-align: center\" class=\"heading-tag\">\u0648\u0633\u0627\u062f\u0629 \u0645\u0642\u0639\u062f \u0627\u0644\u0645\u0631\u062d\u0627\u0636 \u0648\u0645\u062c\u0645\u0648\u0639\u0629 \u062d\u0635\u064a\u0631\u0629 \u0627\u0644\u062d\u0645\u0627\u0645<\/h3><\/div><div class=\"vc_empty_space\"   style=\"height: 40px\"><span class=\"vc_empty_space_inner\"><\/span><\/div><\/div><\/div><\/div>","protected":false},"excerpt":{"rendered":"Nevresim Tak\u0131m\u0131 Pike Tak\u0131m\u0131 Lastikli \u00c7ar\u015faf Yatak \u00d6rt\u00fcs\u00fc Battaniye Alez Havlu & Bornoz Yorgan & Yast\u0131k Klozet Tak\u0131m\u0131 & Paspas","protected":false},"author":1,"featured_media":0,"parent":0,"menu_order":0,"comment_status":"closed","ping_status":"closed","template":"","meta":{"footnotes":""},"class_list":["post-2303","page","type-page","status-publish","hentry"],"yoast_head":"<!-- This site is optimized with the Yoast SEO plugin v20.6 - https:\/\/yoast.com\/wordpress\/plugins\/seo\/ -->\n<title>Ev Tekstili - Ala\u00e7at\u0131 Home<\/title>\n<meta name=\"robots\" content=\"index, follow, max-snippet:-1, max-image-preview:large, max-video-preview:-1\" \/>\n<link rel=\"canonical\" href=\"https:\/\/www.alacatihome.com\/ar\/ev-tekstili\/\" \/>\n<meta property=\"og:locale\" content=\"ar_AR\" \/>\n<meta property=\"og:type\" content=\"article\" \/>\n<meta property=\"og:title\" content=\"Ev Tekstili - Ala\u00e7at\u0131 Home\" \/>\n<meta property=\"og:url\" content=\"https:\/\/www.alacatihome.com\/ar\/ev-tekstili\/\" \/>\n<meta property=\"og:site_name\" content=\"Ala\u00e7at\u0131 Home\" \/>\n<meta property=\"article:publisher\" content=\"https:\/\/www.facebook.com\/people\/Alaat-Home\/100069162552888\/\" \/>\n<meta property=\"article:modified_time\" content=\"2023-04-26T06:54:49+00:00\" \/>\n<meta name=\"twitter:card\" content=\"summary_large_image\" \/>\n<meta name=\"twitter:label1\" content=\"\u0648\u0642\u062a \u0627\u0644\u0642\u0631\u0627\u0621\u0629 \u0627\u0644\u0645\u064f\u0642\u062f\u0651\u0631\" \/>\n\t<meta name=\"twitter:data1\" content=\"3 \u062f\u0642\u0627\u0626\u0642\" \/>\n<script type=\"application\/ld+json\" class=\"yoast-schema-graph\">{\"@context\":\"https:\/\/schema.org\",\"@graph\":[{\"@type\":\"WebPage\",\"@id\":\"https:\/\/www.alacatihome.com\/ev-tekstili\/\",\"url\":\"https:\/\/www.alacatihome.com\/ev-tekstili\/\",\"name\":\"Ev Tekstili - Ala\u00e7at\u0131 Home\",\"isPartOf\":{\"@id\":\"https:\/\/www.alacatihome.com\/#website\"},\"datePublished\":\"2023-04-14T08:09:27+00:00\",\"dateModified\":\"2023-04-26T06:54:49+00:00\",\"breadcrumb\":{\"@id\":\"https:\/\/www.alacatihome.com\/ev-tekstili\/#breadcrumb\"},\"inLanguage\":\"ar\",\"potentialAction\":[{\"@type\":\"ReadAction\",\"target\":[\"https:\/\/www.alacatihome.com\/ev-tekstili\/\"]}]},{\"@type\":\"BreadcrumbList\",\"@id\":\"https:\/\/www.alacatihome.com\/ev-tekstili\/#breadcrumb\",\"itemListElement\":[{\"@type\":\"ListItem\",\"position\":1,\"name\":\"Anasayfa\",\"item\":\"https:\/\/www.alacatihome.com\/\"},{\"@type\":\"ListItem\",\"position\":2,\"name\":\"Ev Tekstili\"}]},{\"@type\":\"WebSite\",\"@id\":\"https:\/\/www.alacatihome.com\/#website\",\"url\":\"https:\/\/www.alacatihome.com\/\",\"name\":\"Ala\u00e7at\u0131 Home\",\"description\":\"Ev Tekstili - Otel Tekstili - Restaurant Tekstili - Hastane Tekstili\",\"publisher\":{\"@id\":\"https:\/\/www.alacatihome.com\/#organization\"},\"potentialAction\":[{\"@type\":\"SearchAction\",\"target\":{\"@type\":\"EntryPoint\",\"urlTemplate\":\"https:\/\/www.alacatihome.com\/?s={search_term_string}\"},\"query-input\":\"required name=search_term_string\"}],\"inLanguage\":\"ar\"},{\"@type\":\"Organization\",\"@id\":\"https:\/\/www.alacatihome.com\/#organization\",\"name\":\"Ala\u00e7at\u0131 Home\",\"url\":\"https:\/\/www.alacatihome.com\/\",\"logo\":{\"@type\":\"ImageObject\",\"inLanguage\":\"ar\",\"@id\":\"https:\/\/www.alacatihome.com\/#\/schema\/logo\/image\/\",\"url\":\"https:\/\/www.alacatihome.com\/wp-content\/uploads\/2023\/04\/logo.png\",\"contentUrl\":\"https:\/\/www.alacatihome.com\/wp-content\/uploads\/2023\/04\/logo.png\",\"width\":1260,\"height\":225,\"caption\":\"Ala\u00e7at\u0131 Home\"},\"image\":{\"@id\":\"https:\/\/www.alacatihome.com\/#\/schema\/logo\/image\/\"},\"sameAs\":[\"https:\/\/www.facebook.com\/people\/Alaat-Home\/100069162552888\/\",\"https:\/\/www.instagram.com\/alacati.home\/\"]}]}<\/script>\n<!-- \/ Yoast SEO plugin. -->","yoast_head_json":{"title":"Ev Tekstili - Ala\u00e7at\u0131 Home","robots":{"index":"index","follow":"follow","max-snippet":"max-snippet:-1","max-image-preview":"max-image-preview:large","max-video-preview":"max-video-preview:-1"},"canonical":"https:\/\/www.alacatihome.com\/ar\/ev-tekstili\/","og_locale":"ar_AR","og_type":"article","og_title":"Ev Tekstili - Ala\u00e7at\u0131 Home","og_url":"https:\/\/www.alacatihome.com\/ar\/ev-tekstili\/","og_site_name":"Ala\u00e7at\u0131 Home","article_publisher":"https:\/\/www.facebook.com\/people\/Alaat-Home\/100069162552888\/","article_modified_time":"2023-04-26T06:54:49+00:00","twitter_card":"summary_large_image","twitter_misc":{"\u0648\u0642\u062a \u0627\u0644\u0642\u0631\u0627\u0621\u0629 \u0627\u0644\u0645\u064f\u0642\u062f\u0651\u0631":"3 \u062f\u0642\u0627\u0626\u0642"},"schema":{"@context":"https:\/\/schema.org","@graph":[{"@type":"WebPage","@id":"https:\/\/www.alacatihome.com\/ev-tekstili\/","url":"https:\/\/www.alacatihome.com\/ev-tekstili\/","name":"Ev Tekstili - Ala\u00e7at\u0131 Home","isPartOf":{"@id":"https:\/\/www.alacatihome.com\/#website"},"datePublished":"2023-04-14T08:09:27+00:00","dateModified":"2023-04-26T06:54:49+00:00","breadcrumb":{"@id":"https:\/\/www.alacatihome.com\/ev-tekstili\/#breadcrumb"},"inLanguage":"ar","potentialAction":[{"@type":"ReadAction","target":["https:\/\/www.alacatihome.com\/ev-tekstili\/"]}]},{"@type":"BreadcrumbList","@id":"https:\/\/www.alacatihome.com\/ev-tekstili\/#breadcrumb","itemListElement":[{"@type":"ListItem","position":1,"name":"Anasayfa","item":"https:\/\/www.alacatihome.com\/"},{"@type":"ListItem","position":2,"name":"Ev Tekstili"}]},{"@type":"WebSite","@id":"https:\/\/www.alacatihome.com\/#website","url":"https:\/\/www.alacatihome.com\/","name":"Ala\u00e7at\u0131 Home","description":"Ev Tekstili - Otel Tekstili - Restaurant Tekstili - Hastane Tekstili","publisher":{"@id":"https:\/\/www.alacatihome.com\/#organization"},"potentialAction":[{"@type":"SearchAction","target":{"@type":"EntryPoint","urlTemplate":"https:\/\/www.alacatihome.com\/?s={search_term_string}"},"query-input":"required name=search_term_string"}],"inLanguage":"ar"},{"@type":"Organization","@id":"https:\/\/www.alacatihome.com\/#organization","name":"Ala\u00e7at\u0131 Home","url":"https:\/\/www.alacatihome.com\/","logo":{"@type":"ImageObject","inLanguage":"ar","@id":"https:\/\/www.alacatihome.com\/#\/schema\/logo\/image\/","url":"https:\/\/www.alacatihome.com\/wp-content\/uploads\/2023\/04\/logo.png","contentUrl":"https:\/\/www.alacatihome.com\/wp-content\/uploads\/2023\/04\/logo.png","width":1260,"height":225,"caption":"Ala\u00e7at\u0131 Home"},"image":{"@id":"https:\/\/www.alacatihome.com\/#\/schema\/logo\/image\/"},"sameAs":["https:\/\/www.facebook.com\/people\/Alaat-Home\/100069162552888\/","https:\/\/www.instagram.com\/alacati.home\/"]}]}},"_links":{"self":[{"href":"https:\/\/www.alacatihome.com\/ar\/wp-json\/wp\/v2\/pages\/2303","targetHints":{"allow":["GET"]}}],"collection":[{"href":"https:\/\/www.alacatihome.com\/ar\/wp-json\/wp\/v2\/pages"}],"about":[{"href":"https:\/\/www.alacatihome.com\/ar\/wp-json\/wp\/v2\/types\/page"}],"author":[{"embeddable":true,"href":"https:\/\/www.alacatihome.com\/ar\/wp-json\/wp\/v2\/users\/1"}],"replies":[{"embeddable":true,"href":"https:\/\/www.alacatihome.com\/ar\/wp-json\/wp\/v2\/comments?post=2303"}],"version-history":[{"count":11,"href":"https:\/\/www.alacatihome.com\/ar\/wp-json\/wp\/v2\/pages\/2303\/revisions"}],"predecessor-version":[{"id":2381,"href":"https:\/\/www.alacatihome.com\/ar\/wp-json\/wp\/v2\/pages\/2303\/revisions\/2381"}],"wp:attachment":[{"href":"https:\/\/www.alacatihome.com\/ar\/wp-json\/wp\/v2\/media?parent=2303"}],"curies":[{"name":"wp","href":"https:\/\/api.w.org\/{rel}","templated":true}]}}