{"id":2305,"date":"2023-04-14T08:09:47","date_gmt":"2023-04-14T08:09:47","guid":{"rendered":"https:\/\/www.alacatihome.com\/?page_id=2305"},"modified":"2023-04-25T07:19:06","modified_gmt":"2023-04-25T07:19:06","slug":"otel-tekstili","status":"publish","type":"page","link":"https:\/\/www.alacatihome.com\/ru\/otel-tekstili\/","title":{"rendered":"\u0413\u041e\u0421\u0422\u0418\u041d\u0418\u0426\u0410"},"content":{"rendered":"<div class=\"vc_row wpb_row row top-row\"><div class=\"vc_column_container col-md-4\"><div class=\"wpb_wrapper vc_column-inner\"><div class=\"porto-preview-image\"><span class=\"thumb-info thumb-info-preview thumb-info-box-shadow\"><span class=\"thumb-info-wrapper\">\r\n\t\t<span data-src=\"\/\/www.alacatihome.com\/wp-content\/uploads\/2023\/04\/otel-nevresim-takimi.jpg\" data-image=\"\/\/www.alacatihome.com\/wp-content\/uploads\/2023\/04\/otel-nevresim-takimi.jpg\" class=\"lazy thumb-info-image\" data-plugin-lazyload data-plugin-options=\"{'appearEffect': 'animated fadeIn'}\"><\/span><i class=\"fas fa-spinner fa-spin fa-fw\"><\/i><\/span><\/span><\/div><div class=\"vc_custom_heading wpb_custom_db3ea57775379abfb04e3fc8d72e6092 heading heading-border heading-primary heading-middle-border heading-middle-border-center heading-border-sm\" ><h3 style=\"line-height: 15px;text-align: center\" class=\"heading-tag\">\u041d\u0430\u0431\u043e\u0440 \u043f\u043e\u0434\u043e\u0434\u0435\u044f\u043b\u044c\u043d\u0438\u043a\u043e\u0432<\/h3><\/div><div class=\"vc_empty_space\"   style=\"height: 40px\"><span class=\"vc_empty_space_inner\"><\/span><\/div><\/div><\/div><div class=\"vc_column_container col-md-4\"><div class=\"wpb_wrapper vc_column-inner\"><div class=\"porto-preview-image\"><span class=\"thumb-info thumb-info-preview thumb-info-box-shadow\"><span class=\"thumb-info-wrapper\">\r\n\t\t<span data-src=\"\/\/www.alacatihome.com\/wp-content\/uploads\/2023\/04\/otel-alez.jpg\" data-image=\"\/\/www.alacatihome.com\/wp-content\/uploads\/2023\/04\/otel-alez.jpg\" class=\"lazy thumb-info-image\" data-plugin-lazyload data-plugin-options=\"{'appearEffect': 'animated fadeIn'}\"><\/span><i class=\"fas fa-spinner fa-spin fa-fw\"><\/i><\/span><\/span><\/div><div class=\"vc_custom_heading wpb_custom_db3ea57775379abfb04e3fc8d72e6092 heading heading-border heading-primary heading-middle-border heading-middle-border-center heading-border-sm\" ><h3 style=\"line-height: 15px;text-align: center\" class=\"heading-tag\">\u041f\u0440\u043e\u0442\u0435\u043a\u0442\u043e\u0440\u044b \u0438 \u0441\u0443\u043c\u043a\u0438 \u0434\u043b\u044f \u0445\u0440\u0430\u043d\u0435\u043d\u0438\u044f<\/h3><\/div><div class=\"vc_empty_space\"   style=\"height: 40px\"><span class=\"vc_empty_space_inner\"><\/span><\/div><\/div><\/div><div class=\"vc_column_container col-md-4\"><div class=\"wpb_wrapper vc_column-inner\"><div class=\"porto-preview-image\"><span class=\"thumb-info thumb-info-preview thumb-info-box-shadow\"><span class=\"thumb-info-wrapper\">\r\n\t\t<span data-src=\"\/\/www.alacatihome.com\/wp-content\/uploads\/2023\/04\/yorgan-yastik-1.jpg\" data-image=\"\/\/www.alacatihome.com\/wp-content\/uploads\/2023\/04\/yorgan-yastik-1.jpg\" class=\"lazy thumb-info-image\" data-plugin-lazyload data-plugin-options=\"{'appearEffect': 'animated fadeIn'}\"><\/span><i class=\"fas fa-spinner fa-spin fa-fw\"><\/i><\/span><\/span><\/div><div class=\"vc_custom_heading wpb_custom_db3ea57775379abfb04e3fc8d72e6092 heading heading-border heading-primary heading-middle-border heading-middle-border-center heading-border-sm\" ><h3 style=\"line-height: 15px;text-align: center\" class=\"heading-tag\">\u041e\u0434\u0435\u044f\u043b\u043e<\/h3><\/div><div class=\"vc_empty_space\"   style=\"height: 40px\"><span class=\"vc_empty_space_inner\"><\/span><\/div><\/div><\/div><\/div><div class=\"vc_row wpb_row row top-row\"><div class=\"vc_column_container col-md-4\"><div class=\"wpb_wrapper vc_column-inner\"><div class=\"porto-preview-image\"><span class=\"thumb-info thumb-info-preview thumb-info-box-shadow\"><span class=\"thumb-info-wrapper\">\r\n\t\t<span data-src=\"\/\/www.alacatihome.com\/wp-content\/uploads\/2023\/04\/otel-yastik-1.jpg\" data-image=\"\/\/www.alacatihome.com\/wp-content\/uploads\/2023\/04\/otel-yastik-1.jpg\" class=\"lazy thumb-info-image\" data-plugin-lazyload data-plugin-options=\"{'appearEffect': 'animated fadeIn'}\"><\/span><i class=\"fas fa-spinner fa-spin fa-fw\"><\/i><\/span><\/span><\/div><div class=\"vc_custom_heading wpb_custom_db3ea57775379abfb04e3fc8d72e6092 heading heading-border heading-primary heading-middle-border heading-middle-border-center heading-border-sm\" ><h3 style=\"line-height: 15px;text-align: center\" class=\"heading-tag\">\u041f\u043e\u0434\u0443\u0448\u043a\u0430<\/h3><\/div><div class=\"vc_empty_space\"   style=\"height: 40px\"><span class=\"vc_empty_space_inner\"><\/span><\/div><\/div><\/div><div class=\"vc_column_container col-md-4\"><div class=\"wpb_wrapper vc_column-inner\"><div class=\"porto-preview-image\"><span class=\"thumb-info thumb-info-preview thumb-info-box-shadow\"><span class=\"thumb-info-wrapper\">\r\n\t\t<span data-src=\"\/\/www.alacatihome.com\/wp-content\/uploads\/2023\/04\/otel-havlu.jpg\" data-image=\"\/\/www.alacatihome.com\/wp-content\/uploads\/2023\/04\/otel-havlu.jpg\" class=\"lazy thumb-info-image\" data-plugin-lazyload data-plugin-options=\"{'appearEffect': 'animated fadeIn'}\"><\/span><i class=\"fas fa-spinner fa-spin fa-fw\"><\/i><\/span><\/span><\/div><div class=\"vc_custom_heading wpb_custom_db3ea57775379abfb04e3fc8d72e6092 heading heading-border heading-primary heading-middle-border heading-middle-border-center heading-border-sm\" ><h3 style=\"line-height: 15px;text-align: center\" class=\"heading-tag\">\u041f\u043e\u043b\u043e\u0442\u0435\u043d\u0446\u0435<\/h3><\/div><div class=\"vc_empty_space\"   style=\"height: 40px\"><span class=\"vc_empty_space_inner\"><\/span><\/div><\/div><\/div><div class=\"vc_column_container col-md-4\"><div class=\"wpb_wrapper vc_column-inner\"><div class=\"porto-preview-image\"><span class=\"thumb-info thumb-info-preview thumb-info-box-shadow\"><span class=\"thumb-info-wrapper\">\r\n\t\t<span data-src=\"\/\/www.alacatihome.com\/wp-content\/uploads\/2023\/04\/otel-perde.jpg\" data-image=\"\/\/www.alacatihome.com\/wp-content\/uploads\/2023\/04\/otel-perde.jpg\" class=\"lazy thumb-info-image\" data-plugin-lazyload data-plugin-options=\"{'appearEffect': 'animated fadeIn'}\"><\/span><i class=\"fas fa-spinner fa-spin fa-fw\"><\/i><\/span><\/span><\/div><div class=\"vc_custom_heading wpb_custom_db3ea57775379abfb04e3fc8d72e6092 heading heading-border heading-primary heading-middle-border heading-middle-border-center heading-border-sm\" ><h3 style=\"line-height: 15px;text-align: center\" class=\"heading-tag\">\u0417\u0430\u043d\u0430\u0432\u0435\u0441<\/h3><\/div><div class=\"vc_empty_space\"   style=\"height: 40px\"><span class=\"vc_empty_space_inner\"><\/span><\/div><\/div><\/div><\/div><div class=\"vc_row wpb_row row top-row\"><div class=\"vc_column_container col-md-4\"><div class=\"wpb_wrapper vc_column-inner\"><div class=\"porto-preview-image\"><span class=\"thumb-info thumb-info-preview thumb-info-box-shadow\"><span class=\"thumb-info-wrapper\">\r\n\t\t<span data-src=\"\/\/www.alacatihome.com\/wp-content\/uploads\/2023\/04\/otel-masa-ortusu.jpg\" data-image=\"\/\/www.alacatihome.com\/wp-content\/uploads\/2023\/04\/otel-masa-ortusu.jpg\" class=\"lazy thumb-info-image\" data-plugin-lazyload data-plugin-options=\"{'appearEffect': 'animated fadeIn'}\"><\/span><i class=\"fas fa-spinner fa-spin fa-fw\"><\/i><\/span><\/span><\/div><div class=\"vc_custom_heading wpb_custom_db3ea57775379abfb04e3fc8d72e6092 heading heading-border heading-primary heading-middle-border heading-middle-border-center heading-border-sm\" ><h3 style=\"line-height: 15px;text-align: center\" class=\"heading-tag\">\u0421\u043a\u0430\u0442\u0435\u0440\u0442\u044c<\/h3><\/div><div class=\"vc_empty_space\"   style=\"height: 40px\"><span class=\"vc_empty_space_inner\"><\/span><\/div><\/div><\/div><div class=\"vc_column_container col-md-4\"><div class=\"wpb_wrapper vc_column-inner\"><div class=\"porto-preview-image\"><span class=\"thumb-info thumb-info-preview thumb-info-box-shadow\"><span class=\"thumb-info-wrapper\">\r\n\t\t<span data-src=\"\/\/www.alacatihome.com\/wp-content\/uploads\/2023\/04\/otel-pecete-2.jpg\" data-image=\"\/\/www.alacatihome.com\/wp-content\/uploads\/2023\/04\/otel-pecete-2.jpg\" class=\"lazy thumb-info-image\" data-plugin-lazyload data-plugin-options=\"{'appearEffect': 'animated fadeIn'}\"><\/span><i class=\"fas fa-spinner fa-spin fa-fw\"><\/i><\/span><\/span><\/div><div class=\"vc_custom_heading wpb_custom_db3ea57775379abfb04e3fc8d72e6092 heading heading-border heading-primary heading-middle-border heading-middle-border-center heading-border-sm\" ><h3 style=\"line-height: 15px;text-align: center\" class=\"heading-tag\">\u0421\u0430\u043b\u0444\u0435\u0442\u043a\u0430<\/h3><\/div><div class=\"vc_empty_space\"   style=\"height: 40px\"><span class=\"vc_empty_space_inner\"><\/span><\/div><\/div><\/div><div class=\"vc_column_container col-md-4\"><div class=\"wpb_wrapper vc_column-inner\"><div class=\"porto-preview-image\"><span class=\"thumb-info thumb-info-preview thumb-info-box-shadow\"><span class=\"thumb-info-wrapper\">\r\n\t\t<span data-src=\"\/\/www.alacatihome.com\/wp-content\/uploads\/2023\/04\/otel-amerikan-servis.jpg\" data-image=\"\/\/www.alacatihome.com\/wp-content\/uploads\/2023\/04\/otel-amerikan-servis.jpg\" class=\"lazy thumb-info-image\" data-plugin-lazyload data-plugin-options=\"{'appearEffect': 'animated fadeIn'}\"><\/span><i class=\"fas fa-spinner fa-spin fa-fw\"><\/i><\/span><\/span><\/div><div class=\"vc_custom_heading wpb_custom_db3ea57775379abfb04e3fc8d72e6092 heading heading-border heading-primary heading-middle-border heading-middle-border-center heading-border-sm\" ><h3 style=\"line-height: 15px;text-align: center\" class=\"heading-tag\">\u0421\u0430\u043b\u0444\u0435\u0442\u043a\u0430<\/h3><\/div><div class=\"vc_empty_space\"   style=\"height: 40px\"><span class=\"vc_empty_space_inner\"><\/span><\/div><\/div><\/div><\/div>","protected":false},"excerpt":{"rendered":"Nevresim Tak\u0131m\u0131 Alez Yorgan Yast\u0131k Havlu Perde Masa \u00d6rt\u00fcs\u00fc Pe\u00e7ete Amerikan Servis","protected":false},"author":1,"featured_media":0,"parent":0,"menu_order":0,"comment_status":"closed","ping_status":"closed","template":"","meta":{"footnotes":""},"class_list":["post-2305","page","type-page","status-publish","hentry"],"yoast_head":"<!-- This site is optimized with the Yoast SEO plugin v20.6 - https:\/\/yoast.com\/wordpress\/plugins\/seo\/ -->\n<title>Otel Tekstili - Ala\u00e7at\u0131 Home<\/title>\n<meta name=\"robots\" content=\"index, follow, max-snippet:-1, max-image-preview:large, max-video-preview:-1\" \/>\n<link rel=\"canonical\" href=\"https:\/\/www.alacatihome.com\/ru\/otel-tekstili\/\" \/>\n<meta property=\"og:locale\" content=\"ru_RU\" \/>\n<meta property=\"og:type\" content=\"article\" \/>\n<meta property=\"og:title\" content=\"Otel Tekstili - Ala\u00e7at\u0131 Home\" \/>\n<meta property=\"og:url\" content=\"https:\/\/www.alacatihome.com\/ru\/otel-tekstili\/\" \/>\n<meta property=\"og:site_name\" content=\"Ala\u00e7at\u0131 Home\" \/>\n<meta property=\"article:publisher\" content=\"https:\/\/www.facebook.com\/people\/Alaat-Home\/100069162552888\/\" \/>\n<meta property=\"article:modified_time\" content=\"2023-04-25T07:19:06+00:00\" \/>\n<meta name=\"twitter:card\" content=\"summary_large_image\" \/>\n<meta name=\"twitter:label1\" content=\"\u041f\u0440\u0438\u043c\u0435\u0440\u043d\u043e\u0435 \u0432\u0440\u0435\u043c\u044f \u0434\u043b\u044f \u0447\u0442\u0435\u043d\u0438\u044f\" \/>\n\t<meta name=\"twitter:data1\" content=\"3 \u043c\u0438\u043d\u0443\u0442\u044b\" \/>\n<script type=\"application\/ld+json\" class=\"yoast-schema-graph\">{\"@context\":\"https:\/\/schema.org\",\"@graph\":[{\"@type\":\"WebPage\",\"@id\":\"https:\/\/www.alacatihome.com\/ar\/otel-tekstili\/\",\"url\":\"https:\/\/www.alacatihome.com\/ar\/otel-tekstili\/\",\"name\":\"Otel Tekstili - Ala\u00e7at\u0131 Home\",\"isPartOf\":{\"@id\":\"https:\/\/www.alacatihome.com\/#website\"},\"datePublished\":\"2023-04-14T08:09:47+00:00\",\"dateModified\":\"2023-04-25T07:19:06+00:00\",\"breadcrumb\":{\"@id\":\"https:\/\/www.alacatihome.com\/ar\/otel-tekstili\/#breadcrumb\"},\"inLanguage\":\"ru-RU\",\"potentialAction\":[{\"@type\":\"ReadAction\",\"target\":[\"https:\/\/www.alacatihome.com\/ar\/otel-tekstili\/\"]}]},{\"@type\":\"BreadcrumbList\",\"@id\":\"https:\/\/www.alacatihome.com\/ar\/otel-tekstili\/#breadcrumb\",\"itemListElement\":[{\"@type\":\"ListItem\",\"position\":1,\"name\":\"Anasayfa\",\"item\":\"https:\/\/www.alacatihome.com\/\"},{\"@type\":\"ListItem\",\"position\":2,\"name\":\"Otel Tekstili\"}]},{\"@type\":\"WebSite\",\"@id\":\"https:\/\/www.alacatihome.com\/#website\",\"url\":\"https:\/\/www.alacatihome.com\/\",\"name\":\"Ala\u00e7at\u0131 Home\",\"description\":\"Ev Tekstili - Otel Tekstili - Restaurant Tekstili - Hastane Tekstili\",\"publisher\":{\"@id\":\"https:\/\/www.alacatihome.com\/#organization\"},\"potentialAction\":[{\"@type\":\"SearchAction\",\"target\":{\"@type\":\"EntryPoint\",\"urlTemplate\":\"https:\/\/www.alacatihome.com\/?s={search_term_string}\"},\"query-input\":\"required name=search_term_string\"}],\"inLanguage\":\"ru-RU\"},{\"@type\":\"Organization\",\"@id\":\"https:\/\/www.alacatihome.com\/#organization\",\"name\":\"Ala\u00e7at\u0131 Home\",\"url\":\"https:\/\/www.alacatihome.com\/\",\"logo\":{\"@type\":\"ImageObject\",\"inLanguage\":\"ru-RU\",\"@id\":\"https:\/\/www.alacatihome.com\/#\/schema\/logo\/image\/\",\"url\":\"https:\/\/www.alacatihome.com\/wp-content\/uploads\/2023\/04\/logo.png\",\"contentUrl\":\"https:\/\/www.alacatihome.com\/wp-content\/uploads\/2023\/04\/logo.png\",\"width\":1260,\"height\":225,\"caption\":\"Ala\u00e7at\u0131 Home\"},\"image\":{\"@id\":\"https:\/\/www.alacatihome.com\/#\/schema\/logo\/image\/\"},\"sameAs\":[\"https:\/\/www.facebook.com\/people\/Alaat-Home\/100069162552888\/\",\"https:\/\/www.instagram.com\/alacati.home\/\"]}]}<\/script>\n<!-- \/ Yoast SEO plugin. -->","yoast_head_json":{"title":"Otel Tekstili - Ala\u00e7at\u0131 Home","robots":{"index":"index","follow":"follow","max-snippet":"max-snippet:-1","max-image-preview":"max-image-preview:large","max-video-preview":"max-video-preview:-1"},"canonical":"https:\/\/www.alacatihome.com\/ru\/otel-tekstili\/","og_locale":"ru_RU","og_type":"article","og_title":"Otel Tekstili - Ala\u00e7at\u0131 Home","og_url":"https:\/\/www.alacatihome.com\/ru\/otel-tekstili\/","og_site_name":"Ala\u00e7at\u0131 Home","article_publisher":"https:\/\/www.facebook.com\/people\/Alaat-Home\/100069162552888\/","article_modified_time":"2023-04-25T07:19:06+00:00","twitter_card":"summary_large_image","twitter_misc":{"\u041f\u0440\u0438\u043c\u0435\u0440\u043d\u043e\u0435 \u0432\u0440\u0435\u043c\u044f \u0434\u043b\u044f \u0447\u0442\u0435\u043d\u0438\u044f":"3 \u043c\u0438\u043d\u0443\u0442\u044b"},"schema":{"@context":"https:\/\/schema.org","@graph":[{"@type":"WebPage","@id":"https:\/\/www.alacatihome.com\/ar\/otel-tekstili\/","url":"https:\/\/www.alacatihome.com\/ar\/otel-tekstili\/","name":"Otel Tekstili - Ala\u00e7at\u0131 Home","isPartOf":{"@id":"https:\/\/www.alacatihome.com\/#website"},"datePublished":"2023-04-14T08:09:47+00:00","dateModified":"2023-04-25T07:19:06+00:00","breadcrumb":{"@id":"https:\/\/www.alacatihome.com\/ar\/otel-tekstili\/#breadcrumb"},"inLanguage":"ru-RU","potentialAction":[{"@type":"ReadAction","target":["https:\/\/www.alacatihome.com\/ar\/otel-tekstili\/"]}]},{"@type":"BreadcrumbList","@id":"https:\/\/www.alacatihome.com\/ar\/otel-tekstili\/#breadcrumb","itemListElement":[{"@type":"ListItem","position":1,"name":"Anasayfa","item":"https:\/\/www.alacatihome.com\/"},{"@type":"ListItem","position":2,"name":"Otel Tekstili"}]},{"@type":"WebSite","@id":"https:\/\/www.alacatihome.com\/#website","url":"https:\/\/www.alacatihome.com\/","name":"Ala\u00e7at\u0131 Home","description":"Ev Tekstili - Otel Tekstili - Restaurant Tekstili - Hastane Tekstili","publisher":{"@id":"https:\/\/www.alacatihome.com\/#organization"},"potentialAction":[{"@type":"SearchAction","target":{"@type":"EntryPoint","urlTemplate":"https:\/\/www.alacatihome.com\/?s={search_term_string}"},"query-input":"required name=search_term_string"}],"inLanguage":"ru-RU"},{"@type":"Organization","@id":"https:\/\/www.alacatihome.com\/#organization","name":"Ala\u00e7at\u0131 Home","url":"https:\/\/www.alacatihome.com\/","logo":{"@type":"ImageObject","inLanguage":"ru-RU","@id":"https:\/\/www.alacatihome.com\/#\/schema\/logo\/image\/","url":"https:\/\/www.alacatihome.com\/wp-content\/uploads\/2023\/04\/logo.png","contentUrl":"https:\/\/www.alacatihome.com\/wp-content\/uploads\/2023\/04\/logo.png","width":1260,"height":225,"caption":"Ala\u00e7at\u0131 Home"},"image":{"@id":"https:\/\/www.alacatihome.com\/#\/schema\/logo\/image\/"},"sameAs":["https:\/\/www.facebook.com\/people\/Alaat-Home\/100069162552888\/","https:\/\/www.instagram.com\/alacati.home\/"]}]}},"_links":{"self":[{"href":"https:\/\/www.alacatihome.com\/ru\/wp-json\/wp\/v2\/pages\/2305","targetHints":{"allow":["GET"]}}],"collection":[{"href":"https:\/\/www.alacatihome.com\/ru\/wp-json\/wp\/v2\/pages"}],"about":[{"href":"https:\/\/www.alacatihome.com\/ru\/wp-json\/wp\/v2\/types\/page"}],"author":[{"embeddable":true,"href":"https:\/\/www.alacatihome.com\/ru\/wp-json\/wp\/v2\/users\/1"}],"replies":[{"embeddable":true,"href":"https:\/\/www.alacatihome.com\/ru\/wp-json\/wp\/v2\/comments?post=2305"}],"version-history":[{"count":4,"href":"https:\/\/www.alacatihome.com\/ru\/wp-json\/wp\/v2\/pages\/2305\/revisions"}],"predecessor-version":[{"id":2360,"href":"https:\/\/www.alacatihome.com\/ru\/wp-json\/wp\/v2\/pages\/2305\/revisions\/2360"}],"wp:attachment":[{"href":"https:\/\/www.alacatihome.com\/ru\/wp-json\/wp\/v2\/media?parent=2305"}],"curies":[{"name":"wp","href":"https:\/\/api.w.org\/{rel}","templated":true}]}}