{"id":73,"date":"2016-06-14T06:15:58","date_gmt":"2016-06-14T06:15:58","guid":{"rendered":"http:\/\/sw-themes.com\/porto_dummy\/?page_id=73"},"modified":"2023-04-26T09:18:40","modified_gmt":"2023-04-26T09:18:40","slug":"iletisim","status":"publish","type":"page","link":"https:\/\/www.alacatihome.com\/ru\/iletisim\/","title":{"rendered":"\u0421\u0432\u044f\u0437\u0430\u0442\u044c\u0441\u044f \u0441 \u043d\u0430\u043c\u0438"},"content":{"rendered":"<div class=\"vc_row wpb_row top-row m-b-xl porto-inner-container\"><div class=\"porto-wrap-container container\"><div class=\"row\"><div class=\"vc_column_container col-md-6\"><div class=\"wpb_wrapper vc_column-inner\"><h2  class=\"vc_custom_heading align-left\" >\u0130LET\u0130\u015e\u0130M FORMU<\/h2>\n\t<div class=\"wpb_text_column wpb_content_element\" >\n\t\t<div class=\"wpb_wrapper\">\n\t\t\t<div id=\"quform-9c03f4\" class=\"quform quform-1 quform-theme-light quform-support-page-caching\"><form id=\"quform-form-9c03f4\" class=\"quform-form quform-form-1\" action=\"\/ru\/wp-json\/wp\/v2\/pages\/73#quform-9c03f4\" method=\"post\" enctype=\"multipart\/form-data\" novalidate=\"novalidate\" data-options=\"{&quot;id&quot;:1,&quot;uniqueId&quot;:&quot;9c03f4&quot;,&quot;theme&quot;:&quot;light&quot;,&quot;ajax&quot;:true,&quot;logic&quot;:{&quot;logic&quot;:[],&quot;dependents&quot;:[],&quot;elementIds&quot;:[],&quot;dependentElementIds&quot;:[],&quot;animate&quot;:true},&quot;currentPageId&quot;:1,&quot;errorsIcon&quot;:&quot;&quot;,&quot;updateFancybox&quot;:true,&quot;hasPages&quot;:false,&quot;pages&quot;:[1],&quot;pageProgressType&quot;:&quot;numbers&quot;,&quot;tooltipsEnabled&quot;:true,&quot;tooltipClasses&quot;:&quot;qtip-quform-dark qtip-shadow&quot;,&quot;tooltipMy&quot;:&quot;left center&quot;,&quot;tooltipAt&quot;:&quot;right center&quot;,&quot;isRtl&quot;:false,&quot;scrollOffset&quot;:-50,&quot;scrollSpeed&quot;:800}\" data-trp-original-action=\"\/ru\/wp-json\/wp\/v2\/pages\/73#quform-9c03f4\"><button class=\"quform-default-submit\" name=\"quform_submit\" type=\"submit\" value=\"submit\" aria-hidden=\"true\" tabindex=\"-1\"><\/button><div class=\"quform-form-inner quform-form-inner-1\"><input type=\"hidden\" name=\"quform_form_id\" value=\"1\" \/><input type=\"hidden\" name=\"quform_form_uid\" value=\"9c03f4\" \/><input type=\"hidden\" name=\"quform_count\" value=\"1\" \/><input type=\"hidden\" name=\"form_url\" value=\"https:\/\/www.alacatihome.com\/ru\/wp-json\/wp\/v2\/pages\/73\" \/><input type=\"hidden\" name=\"referring_url\" value=\"\" \/><input type=\"hidden\" name=\"post_id\" value=\"\" \/><input type=\"hidden\" name=\"post_title\" value=\"\" \/><input type=\"hidden\" name=\"quform_current_page_id\" value=\"1\" \/><input type=\"hidden\" name=\"quform_csrf_token\" value=\"1IZDNNwrIE3YLOJL8m05rBne6fR6oNFhE2qmsK16\" \/><div class=\"quform-elements quform-elements-1 quform-cf quform-responsive-elements-phone-landscape\"><div class=\"quform-element quform-element-page quform-page-1 quform-page-1_1 quform-cf quform-group-style-plain quform-first-page quform-last-page quform-current-page\"><div class=\"quform-child-elements\"><div class=\"quform-element quform-element-text quform-element-1_12 quform-cf quform-labels-inside quform-element-required\"><div class=\"quform-spacer\"><div class=\"quform-label quform-label-1_12\"><span class=\"quform-label-icon\"><i class=\"fa fa-user\"><\/i><\/span><label class=\"quform-label-text\" for=\"quform_1_12_9c03f4\">\u0412\u0430\u0448\u0435 \u0438\u043c\u044f \u0438 \u0444\u0430\u043c\u0438\u043b\u0438\u044f<span class=\"quform-required\">*<\/span><\/label><\/div><div class=\"quform-inner quform-inner-text quform-inner-1_12\"><div class=\"quform-input quform-input-text quform-input-1_12 quform-cf\"><input type=\"text\" id=\"quform_1_12_9c03f4\" name=\"quform_1_12\" class=\"quform-field quform-field-text quform-field-1_12\" \/><\/div><\/div><\/div><\/div><div class=\"quform-element quform-element-row quform-element-row-1_4 quform-2-columns quform-element-row-size-fixed quform-responsive-columns-phone-landscape\"><div class=\"quform-element quform-element-column quform-element-1_5\"><div class=\"quform-element quform-element-email quform-element-1_7 quform-cf quform-labels-inside quform-element-required\"><div class=\"quform-spacer\"><div class=\"quform-label quform-label-1_7\"><span class=\"quform-label-icon\"><i class=\"fa fa-envelope\"><\/i><\/span><label class=\"quform-label-text\" for=\"quform_1_7_9c03f4\">\u0412\u0430\u0448 \u044d\u043b\u0435\u043a\u0442\u0440\u043e\u043d\u043d\u044b\u0439 \u0430\u0434\u0440\u0435\u0441<span class=\"quform-required\">*<\/span><\/label><\/div><div class=\"quform-inner quform-inner-email quform-inner-1_7\"><div class=\"quform-input quform-input-email quform-input-1_7 quform-cf\"><input type=\"email\" id=\"quform_1_7_9c03f4\" name=\"quform_1_7\" class=\"quform-field quform-field-email quform-field-1_7\" \/><\/div><\/div><\/div><\/div><\/div><div class=\"quform-element quform-element-column quform-element-1_6\"><div class=\"quform-element quform-element-text quform-element-1_8 quform-cf quform-labels-inside quform-element-optional\"><div class=\"quform-spacer\"><div class=\"quform-label quform-label-1_8\"><span class=\"quform-label-icon\"><i class=\"fa fa-phone\"><\/i><\/span><label class=\"quform-label-text\" for=\"quform_1_8_9c03f4\">\u0412\u0430\u0448 \u043d\u043e\u043c\u0435\u0440 \u0442\u0435\u043b\u0435\u0444\u043e\u043d\u0430<\/label><\/div><div class=\"quform-inner quform-inner-text quform-inner-1_8\"><div class=\"quform-input quform-input-text quform-input-1_8 quform-cf\"><input type=\"text\" id=\"quform_1_8_9c03f4\" name=\"quform_1_8\" class=\"quform-field quform-field-text quform-field-1_8\" \/><\/div><\/div><\/div><\/div><\/div><\/div><div class=\"quform-element quform-element-textarea quform-element-1_9 quform-cf quform-labels-inside quform-element-required\"><div class=\"quform-spacer\"><div class=\"quform-label quform-label-1_9\"><span class=\"quform-label-icon\"><i class=\"fa fa-pencil-square-o\"><\/i><\/span><label class=\"quform-label-text\" for=\"quform_1_9_9c03f4\">\u0412\u0430\u0448\u0435 \u0441\u043e\u043e\u0431\u0449\u0435\u043d\u0438\u0435<span class=\"quform-required\">*<\/span><\/label><\/div><div class=\"quform-inner quform-inner-textarea quform-inner-1_9\"><div class=\"quform-input quform-input-textarea quform-input-1_9 quform-cf\"><textarea id=\"quform_1_9_9c03f4\" name=\"quform_1_9\" class=\"quform-field quform-field-textarea quform-field-1_9\"><\/textarea><\/div><\/div><\/div><\/div><div class=\"quform-element quform-element-captcha quform-element-1_14 quform-cf quform-labels-inside quform-element-required\"><div class=\"quform-spacer\"><div class=\"quform-label quform-label-1_14\"><label class=\"quform-label-text\" for=\"quform_1_14_9c03f4\">\u041f\u043e\u0436\u0430\u043b\u0443\u0439\u0441\u0442\u0430, \u0432\u0432\u0435\u0434\u0438\u0442\u0435 \u0441\u0438\u043c\u0432\u043e\u043b\u044b<span class=\"quform-required\">*<\/span><\/label><\/div><div class=\"quform-inner quform-inner-captcha quform-inner-1_14\"><div class=\"quform-input quform-input-captcha quform-input-1_14 quform-cf\"><input type=\"text\" id=\"quform_1_14_9c03f4\" name=\"quform_1_14\" class=\"quform-field quform-field-captcha quform-field-1_14\" \/><\/div><div class=\"quform-captcha quform-cf\"><div class=\"quform-captcha-image quform-captcha-image-1_14\"><img loading=\"lazy\" decoding=\"async\" class=\"quform-captcha-image-img\" src=\"data:image\/png;base64,iVBORw0KGgoAAAANSUhEUgAAAOYAAABQBAMAAAD\/1xTgAAAAG1BMVEX\/\/\/8iIiLj4+PHx8esrKx0dHQ9PT2QkJBZWVmj3vhtAAAACXBIWXMAAA7EAAAOxAGVKw4bAAADDElEQVRoge1XS3MSQRBedpddjnQRJhwXoymPriR6hYrolU0svLJWNDlCcuEImqA\/257ZKZie2VcSomXVfAdSNNP99XsmjmNhYWFhYWFhYfHfwRv+fc6k9wxG\/Slc3xT+6gJEe6f0UkBMCn9PYb53zhGnhOIEJjBzxndUNn6aGy5kGBYdiOEgAVAlXgIHD2A4OnujSVoAh9GoJLmBcClSJH2AruBeFldkCx8dZudUhgbmTgknBgWSQ1HhcZ+m0KmkzLpFa4kRMEmcj5irXEXE9ZsYht4U5V8rOReQ0y4LHoOfdgt0hNJPXRjAhPtyUUkZ4qnrDX6sVGkCh9q5iHzjiZzppprQxnLoijmIhcOvgDbdQuvBkZZm9zYWZRuoQg86zaXpiok0c2yhNKG3ztI9UU\/p7RTw7LeoJ1iLGPQRMOFLY4ESSCCHUwn1o8EZZl02U2UJc9Y19nBLxodlbZdwomxFFT3AiAI6FzGcQC+q5Axkw6KJrXpObk1OTPcEPSUd04BpnR5qyMF26YSnuipynm5+qbVaYF49OmJNHDmAH9WcTPzFOFk55722ePqYGJco8eaYvSteJDtbWT2bQDa2wYl1h+9kiHlVXLrmHayxmwD7dF\/K2ZRli+nGzuM8d16rUuy6YahxYuPi9gIoHxgvK7oP9GAOZ0+Id35hjL1UW5kjtBEiJ4ucMmCP3g3GKTByWeZwdoTNOdEE7Q5pwMUXzNi3ir3Ql8N4WcXZFjZXO1FsXuq86iNW\/IySkFdZ72UV52z7KcELR69dcaseVS8\/bAwE4+0QVXI2d8uKU3x4Sw\/F5uVfgPcbhsPeqpoVk9NADFc1gtyhT1qwTm5N+Lc1ydypSAd9tRX2UI33VQ0ciwBDeu\/ncHKXFsWPzwdhzXcmbixiLoeT8QXCnL0A18HZyVR7OObtvsuB\/mJ5NOS7j1ZqrVtvQc6L9NE4zqzRuFKTc6O9HJ4CV+zNbrSThJkXTJ01n71Y\/v4cOXsC\/0+TDFY\/L9vPjPgfcPobYLi\/a7zgLCwsLCwsLCwsLAz8AUmQdi5TQMLrAAAAAElFTkSuQmCC\" alt=\"CAPTCHA image\" data-element-id=\"14\" width=\"115\" height=\"40\" \/><\/div><\/div><p class=\"quform-description quform-description-below\">\u042d\u0442\u043e \u043f\u043e\u043c\u043e\u0433\u0430\u0435\u0442 \u043d\u0430\u043c \u043f\u0440\u0435\u0434\u043e\u0442\u0432\u0440\u0430\u0449\u0430\u0442\u044c \u0441\u043f\u0430\u043c, \u0441\u043f\u0430\u0441\u0438\u0431\u043e.<\/p><\/div><\/div><\/div><div class=\"quform-element quform-element-submit quform-element-1_2 quform-cf quform-button-style-theme quform-button-size-medium quform-button-width-medium\"><div class=\"quform-button-submit quform-button-submit-default quform-button-submit-1_2\" data-animation=\"one\"><button name=\"quform_submit\" type=\"submit\" class=\"quform-submit\" value=\"submit\"><span class=\"quform-button-text quform-button-submit-text\">Send<\/span><\/button><\/div><div class=\"quform-loading quform-loading-position-left quform-loading-type-spinner-1\"><div class=\"quform-loading-inner\"><div class=\"quform-loading-spinner\"><div class=\"quform-loading-spinner-inner\"><\/div><\/div><\/div><\/div><\/div><div class=\"quform-element-tree\"><label for=\"quform_1_0_9c03f4\">This field should be left blank<\/label><input type=\"text\" id=\"quform_1_0_9c03f4\" name=\"quform_1_0\" class=\"quform-field quform-field-tree quform-field-1_0\" tabindex=\"-1\" autocomplete=\"off\" \/><\/div><\/div><\/div><\/div><\/div><input type=\"hidden\" name=\"trp-form-language\" value=\"ru\"\/><\/form><\/div>\n\n\t\t<\/div>\n\t<\/div>\n<\/div><\/div><div class=\"vc_column_container col-md-6\"><div class=\"wpb_wrapper vc_column-inner\"><h2  class=\"vc_custom_heading align-left\" >\u0130LET\u0130\u015e\u0130M B\u0130LG\u0130LER\u0130<\/h2><div class=\"porto-separator\"><hr class=\"separator-line  align_center\"><\/div><div class=\"porto-sicon-box  wpb_custom_1efe903570d178ff0a9b7bfa5febd3a4 style_1 default-icon\"><div class=\"porto-sicon-default\"><div class=\"porto-just-icon-wrapper porto-icon circle\" style=\"color:#ffffff;background:#1db4c7;font-size:14px;\"><i class=\"fas fa-map-marker-alt\"><\/i><\/div><\/div><div class=\"porto-sicon-header\"><h3 class=\"porto-sicon-title\" style=\"font-size:14px;color:#777777;\"><strong>\u0410\u0434\u0440\u0435\u0441:<\/strong> Girne Bulvar\u0131 \u00d6zg\u00fcr Mahallesi No:99\/A Y\u00fcre\u011fir\/Adana\/T\u00fcrkiye<\/h3><\/div> <!-- header --><\/div><!-- porto-sicon-box --><a class=\"porto-sicon-box-link\" href=\"tel: 903223030303\"><div class=\"porto-sicon-box  wpb_custom_1efe903570d178ff0a9b7bfa5febd3a4 style_1 default-icon\"><div class=\"porto-sicon-default\"><div class=\"porto-just-icon-wrapper porto-icon circle\" style=\"color:#ffffff;background:#1db4c7;font-size:14px;\"><i class=\"fas fa-mobile-alt\"><\/i><\/div><\/div><div class=\"porto-sicon-header\"><h3 class=\"porto-sicon-title\" style=\"font-size:14px;color:#777777;\"><strong>\u0422\u0435\u043b\u0435\u0444\u043e\u043d<\/strong> +90 (322) 303 03 03<\/h3><\/div> <!-- header --><\/div><!-- porto-sicon-box --><\/a><a class=\"porto-sicon-box-link\" href=\"mailto:info@alacatihome.com\"><div class=\"porto-sicon-box  wpb_custom_1efe903570d178ff0a9b7bfa5febd3a4 style_1 default-icon\"><div class=\"porto-sicon-default\"><div class=\"porto-just-icon-wrapper porto-icon circle\" style=\"color:#ffffff;background:#1db4c7;font-size:14px;\"><i class=\"far fa-envelope\"><\/i><\/div><\/div><div class=\"porto-sicon-header\"><h3 class=\"porto-sicon-title\" style=\"font-size:14px;color:#777777;\"><strong>\u042d\u043b\u0435\u043a\u0442\u0440\u043e\u043d\u043d\u0430\u044f \u043f\u043e\u0447\u0442\u0430:<\/strong> info@alacatihome.com<\/h3><\/div> <!-- header --><\/div><!-- porto-sicon-box --><\/a><div class=\"porto-separator\"><hr class=\"separator-line  align_center\"><\/div><h4  class=\"vc_custom_heading align-left heading-primary\" >\u0420\u0430\u0431\u043e\u0447\u0435\u0435 <strong>\u0420\u0430\u0431\u043e\u0447\u0435\u0435 \u0432\u0440\u0435\u043c\u044f<\/strong><\/h4><div class=\"porto-sicon-box  wpb_custom_1efe903570d178ff0a9b7bfa5febd3a4 style_1 default-icon\"><div class=\"porto-sicon-default\"><div class=\"porto-just-icon-wrapper porto-icon none\" style=\"font-size:14px;\"><i class=\"far fa-clock\"><\/i><\/div><\/div><div class=\"porto-sicon-header\"><h3 class=\"porto-sicon-title\" style=\"font-size:14px;color:#777777;\">\u043f\u043e\u043d\u0435\u0434\u0435\u043b\u044c\u043d\u0438\u043a | \u0421\u0443\u0431\u0431\u043e\u0442\u0430 08:00 - 18:00<\/h3><\/div> <!-- header --><\/div><!-- porto-sicon-box --><div class=\"porto-sicon-box  wpb_custom_1efe903570d178ff0a9b7bfa5febd3a4 style_1 default-icon\"><div class=\"porto-sicon-default\"><div class=\"porto-just-icon-wrapper porto-icon none\" style=\"font-size:14px;\"><i class=\"far fa-clock\"><\/i><\/div><\/div><div class=\"porto-sicon-header\"><h3 class=\"porto-sicon-title\" style=\"font-size:14px;color:#777777;\">\u0412\u043e\u0441\u043a\u0440\u0435\u0441\u0435\u043d\u044c\u0435 - \u0432\u044b\u0445\u043e\u0434\u043d\u043e\u0439<\/h3><\/div> <!-- header --><\/div><!-- porto-sicon-box --><\/div><\/div><\/div><\/div><\/div><div data-vc-full-width=\"true\" data-vc-full-width-init=\"false\" data-vc-stretch-content=\"true\" class=\"vc_row wpb_row row top-row vc_row-no-padding\"><div class=\"vc_column_container col-md-12\"><div class=\"wpb_wrapper vc_column-inner\"><div class=\"wpb_gmaps_widget wpb_content_element\"><div class=\"wpb_wrapper\"><div class=\"wpb_map_wraper\"><iframe src=\"https:\/\/www.google.com\/maps\/embed?pb=!1m14!1m8!1m3!1d3186.906850882955!2d35.349213435737795!3d36.988156590424026!3m2!1i1024!2i768!4f13.1!3m3!1m2!1s0x15288f3c12c8721f%3A0x6751f7f19eeddc8!2zQWxhw6dhdMSxIEhvbWU!5e0!3m2!1str!2str!4v1678773273731!5m2!1str!2str\" width=\"600\" height=\"450\" style=\"border:0;\" allowfullscreen=\"\" loading=\"lazy\" referrerpolicy=\"no-referrer-when-downgrade\"><\/iframe><\/div><\/div><\/div><\/div><\/div><\/div><div class=\"vc_row-full-width vc_clearfix\"><\/div>","protected":false},"excerpt":{"rendered":"\u0130LET\u0130\u015e\u0130M FORMU Ad\u0131n\u0131z Soyad\u0131n\u0131z*E-posta adresiniz*Telefon Numaran\u0131zMesaj\u0131n\u0131z*L\u00fctfen karakterleri yaz\u0131n*Bu spam \u00f6nlememize yard\u0131mc\u0131 olur, te\u015fekk\u00fcrler.SendThis field should be left blank \u0130LET\u0130\u015e\u0130M B\u0130LG\u0130LER\u0130Adres: Girne Bulvar\u0131 \u00d6zg\u00fcr Mahallesi No:99\/A Y\u00fcre\u011fir\/Adana\/T\u00fcrkiye Telefon: +90 (322) 303 03 03 Email: info@alacatihome.com \u00c7al\u0131\u015fma SaatlerimizPazartesi | Cumartesi 08:00 - 18:00 Pazar - Kapal\u0131","protected":false},"author":1,"featured_media":0,"parent":0,"menu_order":0,"comment_status":"closed","ping_status":"closed","template":"","meta":{"footnotes":""},"class_list":["post-73","page","type-page","status-publish","hentry"],"yoast_head":"<!-- This site is optimized with the Yoast SEO plugin v20.6 - https:\/\/yoast.com\/wordpress\/plugins\/seo\/ -->\n<title>\u0130leti\u015fim - Ala\u00e7at\u0131 Home<\/title>\n<meta name=\"robots\" content=\"index, follow, max-snippet:-1, max-image-preview:large, max-video-preview:-1\" \/>\n<link rel=\"canonical\" href=\"https:\/\/www.alacatihome.com\/ru\/iletisim\/\" \/>\n<meta property=\"og:locale\" content=\"ru_RU\" \/>\n<meta property=\"og:type\" content=\"article\" \/>\n<meta property=\"og:title\" content=\"\u0130leti\u015fim - Ala\u00e7at\u0131 Home\" \/>\n<meta property=\"og:url\" content=\"https:\/\/www.alacatihome.com\/ru\/iletisim\/\" \/>\n<meta property=\"og:site_name\" content=\"Ala\u00e7at\u0131 Home\" \/>\n<meta property=\"article:publisher\" content=\"https:\/\/www.facebook.com\/people\/Alaat-Home\/100069162552888\/\" \/>\n<meta property=\"article:modified_time\" content=\"2023-04-26T09:18:40+00:00\" \/>\n<meta name=\"twitter:card\" content=\"summary_large_image\" \/>\n<meta name=\"twitter:label1\" content=\"\u041f\u0440\u0438\u043c\u0435\u0440\u043d\u043e\u0435 \u0432\u0440\u0435\u043c\u044f \u0434\u043b\u044f \u0447\u0442\u0435\u043d\u0438\u044f\" \/>\n\t<meta name=\"twitter:data1\" content=\"2 \u043c\u0438\u043d\u0443\u0442\u044b\" \/>\n<script type=\"application\/ld+json\" class=\"yoast-schema-graph\">{\"@context\":\"https:\/\/schema.org\",\"@graph\":[{\"@type\":\"WebPage\",\"@id\":\"https:\/\/www.alacatihome.com\/en\/iletisim\/\",\"url\":\"https:\/\/www.alacatihome.com\/en\/iletisim\/\",\"name\":\"\u0130leti\u015fim - Ala\u00e7at\u0131 Home\",\"isPartOf\":{\"@id\":\"https:\/\/www.alacatihome.com\/#website\"},\"datePublished\":\"2016-06-14T06:15:58+00:00\",\"dateModified\":\"2023-04-26T09:18:40+00:00\",\"breadcrumb\":{\"@id\":\"https:\/\/www.alacatihome.com\/en\/iletisim\/#breadcrumb\"},\"inLanguage\":\"ru-RU\",\"potentialAction\":[{\"@type\":\"ReadAction\",\"target\":[\"https:\/\/www.alacatihome.com\/en\/iletisim\/\"]}]},{\"@type\":\"BreadcrumbList\",\"@id\":\"https:\/\/www.alacatihome.com\/en\/iletisim\/#breadcrumb\",\"itemListElement\":[{\"@type\":\"ListItem\",\"position\":1,\"name\":\"Anasayfa\",\"item\":\"https:\/\/www.alacatihome.com\/\"},{\"@type\":\"ListItem\",\"position\":2,\"name\":\"\u0130leti\u015fim\"}]},{\"@type\":\"WebSite\",\"@id\":\"https:\/\/www.alacatihome.com\/#website\",\"url\":\"https:\/\/www.alacatihome.com\/\",\"name\":\"Ala\u00e7at\u0131 Home\",\"description\":\"Ev Tekstili - Otel Tekstili - Restaurant Tekstili - Hastane Tekstili\",\"publisher\":{\"@id\":\"https:\/\/www.alacatihome.com\/#organization\"},\"potentialAction\":[{\"@type\":\"SearchAction\",\"target\":{\"@type\":\"EntryPoint\",\"urlTemplate\":\"https:\/\/www.alacatihome.com\/?s={search_term_string}\"},\"query-input\":\"required name=search_term_string\"}],\"inLanguage\":\"ru-RU\"},{\"@type\":\"Organization\",\"@id\":\"https:\/\/www.alacatihome.com\/#organization\",\"name\":\"Ala\u00e7at\u0131 Home\",\"url\":\"https:\/\/www.alacatihome.com\/\",\"logo\":{\"@type\":\"ImageObject\",\"inLanguage\":\"ru-RU\",\"@id\":\"https:\/\/www.alacatihome.com\/#\/schema\/logo\/image\/\",\"url\":\"https:\/\/www.alacatihome.com\/wp-content\/uploads\/2023\/04\/logo.png\",\"contentUrl\":\"https:\/\/www.alacatihome.com\/wp-content\/uploads\/2023\/04\/logo.png\",\"width\":1260,\"height\":225,\"caption\":\"Ala\u00e7at\u0131 Home\"},\"image\":{\"@id\":\"https:\/\/www.alacatihome.com\/#\/schema\/logo\/image\/\"},\"sameAs\":[\"https:\/\/www.facebook.com\/people\/Alaat-Home\/100069162552888\/\",\"https:\/\/www.instagram.com\/alacati.home\/\"]}]}<\/script>\n<!-- \/ Yoast SEO plugin. -->","yoast_head_json":{"title":"\u0130leti\u015fim - Ala\u00e7at\u0131 Home","robots":{"index":"index","follow":"follow","max-snippet":"max-snippet:-1","max-image-preview":"max-image-preview:large","max-video-preview":"max-video-preview:-1"},"canonical":"https:\/\/www.alacatihome.com\/ru\/iletisim\/","og_locale":"ru_RU","og_type":"article","og_title":"\u0130leti\u015fim - Ala\u00e7at\u0131 Home","og_url":"https:\/\/www.alacatihome.com\/ru\/iletisim\/","og_site_name":"Ala\u00e7at\u0131 Home","article_publisher":"https:\/\/www.facebook.com\/people\/Alaat-Home\/100069162552888\/","article_modified_time":"2023-04-26T09:18:40+00:00","twitter_card":"summary_large_image","twitter_misc":{"\u041f\u0440\u0438\u043c\u0435\u0440\u043d\u043e\u0435 \u0432\u0440\u0435\u043c\u044f \u0434\u043b\u044f \u0447\u0442\u0435\u043d\u0438\u044f":"2 \u043c\u0438\u043d\u0443\u0442\u044b"},"schema":{"@context":"https:\/\/schema.org","@graph":[{"@type":"WebPage","@id":"https:\/\/www.alacatihome.com\/en\/iletisim\/","url":"https:\/\/www.alacatihome.com\/en\/iletisim\/","name":"\u0130leti\u015fim - Ala\u00e7at\u0131 Home","isPartOf":{"@id":"https:\/\/www.alacatihome.com\/#website"},"datePublished":"2016-06-14T06:15:58+00:00","dateModified":"2023-04-26T09:18:40+00:00","breadcrumb":{"@id":"https:\/\/www.alacatihome.com\/en\/iletisim\/#breadcrumb"},"inLanguage":"ru-RU","potentialAction":[{"@type":"ReadAction","target":["https:\/\/www.alacatihome.com\/en\/iletisim\/"]}]},{"@type":"BreadcrumbList","@id":"https:\/\/www.alacatihome.com\/en\/iletisim\/#breadcrumb","itemListElement":[{"@type":"ListItem","position":1,"name":"Anasayfa","item":"https:\/\/www.alacatihome.com\/"},{"@type":"ListItem","position":2,"name":"\u0130leti\u015fim"}]},{"@type":"WebSite","@id":"https:\/\/www.alacatihome.com\/#website","url":"https:\/\/www.alacatihome.com\/","name":"Ala\u00e7at\u0131 Home","description":"Ev Tekstili - Otel Tekstili - Restaurant Tekstili - Hastane Tekstili","publisher":{"@id":"https:\/\/www.alacatihome.com\/#organization"},"potentialAction":[{"@type":"SearchAction","target":{"@type":"EntryPoint","urlTemplate":"https:\/\/www.alacatihome.com\/?s={search_term_string}"},"query-input":"required name=search_term_string"}],"inLanguage":"ru-RU"},{"@type":"Organization","@id":"https:\/\/www.alacatihome.com\/#organization","name":"Ala\u00e7at\u0131 Home","url":"https:\/\/www.alacatihome.com\/","logo":{"@type":"ImageObject","inLanguage":"ru-RU","@id":"https:\/\/www.alacatihome.com\/#\/schema\/logo\/image\/","url":"https:\/\/www.alacatihome.com\/wp-content\/uploads\/2023\/04\/logo.png","contentUrl":"https:\/\/www.alacatihome.com\/wp-content\/uploads\/2023\/04\/logo.png","width":1260,"height":225,"caption":"Ala\u00e7at\u0131 Home"},"image":{"@id":"https:\/\/www.alacatihome.com\/#\/schema\/logo\/image\/"},"sameAs":["https:\/\/www.facebook.com\/people\/Alaat-Home\/100069162552888\/","https:\/\/www.instagram.com\/alacati.home\/"]}]}},"_links":{"self":[{"href":"https:\/\/www.alacatihome.com\/ru\/wp-json\/wp\/v2\/pages\/73","targetHints":{"allow":["GET"]}}],"collection":[{"href":"https:\/\/www.alacatihome.com\/ru\/wp-json\/wp\/v2\/pages"}],"about":[{"href":"https:\/\/www.alacatihome.com\/ru\/wp-json\/wp\/v2\/types\/page"}],"author":[{"embeddable":true,"href":"https:\/\/www.alacatihome.com\/ru\/wp-json\/wp\/v2\/users\/1"}],"replies":[{"embeddable":true,"href":"https:\/\/www.alacatihome.com\/ru\/wp-json\/wp\/v2\/comments?post=73"}],"version-history":[{"count":5,"href":"https:\/\/www.alacatihome.com\/ru\/wp-json\/wp\/v2\/pages\/73\/revisions"}],"predecessor-version":[{"id":2411,"href":"https:\/\/www.alacatihome.com\/ru\/wp-json\/wp\/v2\/pages\/73\/revisions\/2411"}],"wp:attachment":[{"href":"https:\/\/www.alacatihome.com\/ru\/wp-json\/wp\/v2\/media?parent=73"}],"curies":[{"name":"wp","href":"https:\/\/api.w.org\/{rel}","templated":true}]}}